{"id":150,"date":"2015-02-24T22:59:11","date_gmt":"2015-02-24T22:59:11","guid":{"rendered":"http:\/\/kilianschmaedicke.de\/?page_id=150"},"modified":"2024-08-25T21:28:11","modified_gmt":"2024-08-25T21:28:11","slug":"impressum-2","status":"publish","type":"page","link":"https:\/\/kilianschmaedicke.de\/?page_id=150","title":{"rendered":"Impressum"},"content":{"rendered":"\n<h5 class=\"wp-block-heading\">IMPRESSUM<\/h5>\n\n\n\n<p>Angaben gem\u00e4\u00df \u00a75 TMG:<\/p>\n\n\n\n<h5 class=\"wp-block-heading\"><\/h5>\n\n\n\n<p>Kilian Schm\u00e4dicke<br \/>Rudolf-Breitscheid-Stra\u00dfe 52<br \/>14482 Potsdam<br \/><br \/>mail@kilianschmaedicke.de<br \/>mail@kees-gallery.com<\/p>\n\n\n\n<p>kilianschmaedicke.de<br \/>kees-gallery.com<\/p>\n\n\n\n<p>Master of Arts (Architektur und St\u00e4dtebau)\u2028 FH Potsdam<\/p>\n\n\n\n<p>USt-IdNr. gem. \u00a727a Umsatzsteuergesetz: \u2028DE 326 815 743<br \/>Inhaltlich Verantwortlicher gem\u00e4\u00df \u00a7 55 RStV: Kilian Schm\u00e4dicke<\/p>\n\n\n\n<hr class=\"wp-block-separator has-css-opacity\"\/>\n\n\n\n<h2 class=\"wp-block-heading\">Haftungsausschluss<\/h2>\n\n\n\n<h5 class=\"wp-block-heading\">Haftung f\u00fcr Inhalte<\/h5>\n\n\n\n<p>Alle Inhalte unseres Internetauftritts wurden mit gr\u00f6\u00dfter Sorgfalt  und nach bestem Gewissen erstellt. F\u00fcr die Richtigkeit, Vollst\u00e4ndigkeit  und Aktualit\u00e4t der Inhalte k\u00f6nnen wir jedoch keine Gew\u00e4hr \u00fcbernehmen.  Als Diensteanbieter sind wir gem\u00e4\u00df \u00a7 7 Abs.1 TMG f\u00fcr eigene Inhalte auf  diesen Seiten nach den allgemeinen Gesetzen verantwortlich. Nach \u00a7\u00a7 8  bis 10 TMG sind wir als Diensteanbieter jedoch nicht verpflichtet,  \u00fcbermittelte oder gespeicherte fremde Informationen zu \u00fcberwachen oder  nach Umst\u00e4nden zu forschen, die auf eine rechtswidrige T\u00e4tigkeit  hinweisen. Verpflichtungen zur Entfernung oder Sperrung der Nutzung von  Informationen nach den allgemeinen Gesetzen bleiben hiervon  unber\u00fchrt. Eine diesbez\u00fcgliche Haftung ist jedoch erst ab dem Zeitpunkt  der Kenntniserlangung einer konkreten Rechtsverletzung m\u00f6glich. Bei  Bekanntwerden von den o.g. Rechtsverletzungen werden wir diese Inhalte  unverz\u00fcglich entfernen.<\/p>\n\n\n\n<h5 class=\"wp-block-heading\">Haftungsbeschr\u00e4nkung f\u00fcr externe Links<\/h5>\n\n\n\n<p>Unsere Webseite enth\u00e4lt Links auf externe Webseiten Dritter. Auf die  Inhalte dieser direkt oder indirekt verlinkten Webseiten haben wir  keinen Einfluss. Daher k\u00f6nnen wir f\u00fcr die \u201eexternen Links\u201c auch keine  Gew\u00e4hr auf Richtigkeit der Inhalte \u00fcbernehmen. F\u00fcr die Inhalte der  externen Links sind die jeweilige Anbieter oder Betreiber (Urheber) der  Seiten verantwortlich. Die externen Links wurden zum Zeitpunkt der  Linksetzung auf eventuelle Rechtsverst\u00f6\u00dfe \u00fcberpr\u00fcft und waren im  Zeitpunkt der Linksetzung frei von rechtswidrigen Inhalten. Eine  st\u00e4ndige inhaltliche \u00dcberpr\u00fcfung der externen Links ist ohne konkrete  Anhaltspunkte einer Rechtsverletzung nicht m\u00f6glich. Bei direkten oder  indirekten Verlinkungen auf die Webseiten Dritter, die au\u00dferhalb unseres  Verantwortungsbereichs liegen, w\u00fcrde eine Haftungsverpflichtung  ausschlie\u00dflich in dem Fall nur bestehen, wenn wir von den Inhalten  Kenntnis erlangen und es uns technisch m\u00f6glich und zumutbar w\u00e4re, die  Nutzung im Falle rechtswidriger Inhalte zu verhindern. Diese  Haftungsausschlusserkl\u00e4rung gilt auch innerhalb des eigenen Internetauftrittes gesetzten Links und Verweise von  Fragestellern, Blogeintr\u00e4gern, G\u00e4sten des Diskussionsforums. F\u00fcr  illegale, fehlerhafte oder unvollst\u00e4ndige Inhalte und insbesondere f\u00fcr  Sch\u00e4den, die aus der Nutzung oder Nichtnutzung solcherart dargestellten  Informationen entstehen, haftet allein der Diensteanbieter der Seite,  auf welche verwiesen wurde, nicht derjenige, der \u00fcber Links auf die  jeweilige Ver\u00f6ffentlichung lediglich verweist. Werden uns  Rechtsverletzungen bekannt, werden die externen Links durch uns  unverz\u00fcglich entfernt.<\/p>\n\n\n\n<h5 class=\"wp-block-heading\">Urheberrecht<\/h5>\n\n\n\n<p>Die durch die Seitenbetreiber erstellten Inhalte und Werke auf diesen  Seiten unterliegen dem deutschen Urheberrecht. Die Vervielf\u00e4ltigung,  Bearbeitung, Verbreitung und jede Art der Verwertung au\u00dferhalb der  Grenzen des Urheberrechtes bed\u00fcrfen der schriftlichen Zustimmung des  jeweiligen Autors bzw. Erstellers. Downloads und Kopien dieser Seite  sind nur f\u00fcr den privaten, nicht kommerziellen Gebrauch gestattet. Soweit die Inhalte auf dieser Seite nicht vom Betreiber erstellt wurden,  werden die Urheberrechte Dritter beachtet. Insbesondere werden Inhalte  Dritter als solche gekennzeichnet. Sollten Sie trotzdem auf eine  Urheberrechtsverletzung aufmerksam werden, bitten wir um einen  entsprechenden Hinweis. Bei Bekanntwerden von Rechtsverletzungen werden  wir derartige Inhalte umgehend entfernen.<\/p>\n","protected":false},"excerpt":{"rendered":"<p>IMPRESSUM Angaben gem\u00e4\u00df \u00a75 TMG: Kilian Schm\u00e4dickeRudolf-Breitscheid-Stra\u00dfe 5214482 Potsdam mail@kilianschmaedicke.demail@kees-gallery.com kilianschmaedicke.dekees-gallery.com Master of Arts (Architektur und St\u00e4dtebau)\u2028 FH Potsdam USt-IdNr. gem. \u00a727a Umsatzsteuergesetz: \u2028DE 326 815 743Inhaltlich Verantwortlicher gem\u00e4\u00df \u00a7 55 RStV: Kilian Schm\u00e4dicke Haftungsausschluss Haftung f\u00fcr Inhalte Alle Inhalte unseres Internetauftritts wurden mit gr\u00f6\u00dfter Sorgfalt und nach bestem Gewissen erstellt. F\u00fcr die Richtigkeit, Vollst\u00e4ndigkeit [&hellip;]<\/p>\n","protected":false},"author":1,"featured_media":0,"parent":0,"menu_order":0,"comment_status":"closed","ping_status":"open","template":"","meta":{"site-sidebar-layout":"default","site-content-layout":"default","ast-site-content-layout":"","site-content-style":"default","site-sidebar-style":"default","ast-global-header-display":"","ast-banner-title-visibility":"","ast-main-header-display":"","ast-hfb-above-header-display":"","ast-hfb-below-header-display":"","ast-hfb-mobile-header-display":"","site-post-title":"disabled","ast-breadcrumbs-content":"","ast-featured-img":"","footer-sml-layout":"","theme-transparent-header-meta":"default","adv-header-id-meta":"","stick-header-meta":"","header-above-stick-meta":"","header-main-stick-meta":"","header-below-stick-meta":"","astra-migrate-meta-layouts":"default","ast-page-background-enabled":"default","ast-page-background-meta":{"desktop":{"background-color":"var(--ast-global-color-4)","background-image":"","background-repeat":"repeat","background-position":"center center","background-size":"auto","background-attachment":"scroll","background-type":"","background-media":"","overlay-type":"","overlay-color":"","overlay-opacity":"","overlay-gradient":""},"tablet":{"background-color":"","background-image":"","background-repeat":"repeat","background-position":"center center","background-size":"auto","background-attachment":"scroll","background-type":"","background-media":"","overlay-type":"","overlay-color":"","overlay-opacity":"","overlay-gradient":""},"mobile":{"background-color":"","background-image":"","background-repeat":"repeat","background-position":"center center","background-size":"auto","background-attachment":"scroll","background-type":"","background-media":"","overlay-type":"","overlay-color":"","overlay-opacity":"","overlay-gradient":""}},"ast-content-background-meta":{"desktop":{"background-color":"var(--ast-global-color-5)","background-image":"","background-repeat":"repeat","background-position":"center center","background-size":"auto","background-attachment":"scroll","background-type":"","background-media":"","overlay-type":"","overlay-color":"","overlay-opacity":"","overlay-gradient":""},"tablet":{"background-color":"var(--ast-global-color-5)","background-image":"","background-repeat":"repeat","background-position":"center center","background-size":"auto","background-attachment":"scroll","background-type":"","background-media":"","overlay-type":"","overlay-color":"","overlay-opacity":"","overlay-gradient":""},"mobile":{"background-color":"var(--ast-global-color-5)","background-image":"","background-repeat":"repeat","background-position":"center center","background-size":"auto","background-attachment":"scroll","background-type":"","background-media":"","overlay-type":"","overlay-color":"","overlay-opacity":"","overlay-gradient":""}},"footnotes":""},"class_list":["post-150","page","type-page","status-publish","hentry"],"_links":{"self":[{"href":"https:\/\/kilianschmaedicke.de\/index.php?rest_route=\/wp\/v2\/pages\/150"}],"collection":[{"href":"https:\/\/kilianschmaedicke.de\/index.php?rest_route=\/wp\/v2\/pages"}],"about":[{"href":"https:\/\/kilianschmaedicke.de\/index.php?rest_route=\/wp\/v2\/types\/page"}],"author":[{"embeddable":true,"href":"https:\/\/kilianschmaedicke.de\/index.php?rest_route=\/wp\/v2\/users\/1"}],"replies":[{"embeddable":true,"href":"https:\/\/kilianschmaedicke.de\/index.php?rest_route=%2Fwp%2Fv2%2Fcomments&post=150"}],"version-history":[{"count":14,"href":"https:\/\/kilianschmaedicke.de\/index.php?rest_route=\/wp\/v2\/pages\/150\/revisions"}],"predecessor-version":[{"id":1106,"href":"https:\/\/kilianschmaedicke.de\/index.php?rest_route=\/wp\/v2\/pages\/150\/revisions\/1106"}],"wp:attachment":[{"href":"https:\/\/kilianschmaedicke.de\/index.php?rest_route=%2Fwp%2Fv2%2Fmedia&parent=150"}],"curies":[{"name":"wp","href":"https:\/\/api.w.org\/{rel}","templated":true}]}}